{"id":13145,"date":"2019-09-25T12:38:18","date_gmt":"2019-09-25T16:38:18","guid":{"rendered":"https:\/\/www.duplication.ca\/dupeshop\/?post_type=product&#038;p=13145"},"modified":"2020-11-16T00:49:14","modified_gmt":"2020-11-16T05:49:14","slug":"tourment-ep","status":"publish","type":"product","link":"https:\/\/www.duplication.com\/dupeshop\/product\/tourment-ep\/","title":{"rendered":"Tourment &#8211; EP"},"content":{"rendered":"","protected":false},"excerpt":{"rendered":"<p>Ing\u00e9nieur de techno\/e.b.m. bas\u00e9 \u00e0 Montr\u00e9al, offrant des shows lives 100% hardware et des cr\u00e9ations musicales ax\u00e9es sur le<span class=\"bcTruncateMore\">\u00a0<span class=\"peekaboo-text\">frappage de t\u00eates contre surfaces m\u00e9talliques. Aussi la moiti\u00e9 de Deep N Acid.<\/span><\/span><\/p>\n","protected":false},"featured_media":13146,"comment_status":"open","ping_status":"closed","template":"","meta":[],"product_cat":[9,6],"product_tag":[101,92,87],"class_list":{"0":"post-13145","1":"product","2":"type-product","3":"status-publish","4":"has-post-thumbnail","6":"product_cat-recorded-media","7":"product_cat-tapes","8":"product_tag-electronic","9":"product_tag-industrial","10":"product_tag-techno","11":"product_shipping_class-cassette-class-slug","13":"first","14":"instock","15":"taxable","16":"shipping-taxable","17":"purchasable","18":"product-type-simple"},"jetpack_sharing_enabled":true,"_links":{"self":[{"href":"https:\/\/www.duplication.com\/dupeshop\/wp-json\/wp\/v2\/product\/13145","targetHints":{"allow":["GET"]}}],"collection":[{"href":"https:\/\/www.duplication.com\/dupeshop\/wp-json\/wp\/v2\/product"}],"about":[{"href":"https:\/\/www.duplication.com\/dupeshop\/wp-json\/wp\/v2\/types\/product"}],"replies":[{"embeddable":true,"href":"https:\/\/www.duplication.com\/dupeshop\/wp-json\/wp\/v2\/comments?post=13145"}],"wp:featuredmedia":[{"embeddable":true,"href":"https:\/\/www.duplication.com\/dupeshop\/wp-json\/wp\/v2\/media\/13146"}],"wp:attachment":[{"href":"https:\/\/www.duplication.com\/dupeshop\/wp-json\/wp\/v2\/media?parent=13145"}],"wp:term":[{"taxonomy":"product_cat","embeddable":true,"href":"https:\/\/www.duplication.com\/dupeshop\/wp-json\/wp\/v2\/product_cat?post=13145"},{"taxonomy":"product_tag","embeddable":true,"href":"https:\/\/www.duplication.com\/dupeshop\/wp-json\/wp\/v2\/product_tag?post=13145"}],"curies":[{"name":"wp","href":"https:\/\/api.w.org\/{rel}","templated":true}]}}